{"id":4422,"date":"2022-02-02T10:29:25","date_gmt":"2022-02-02T09:29:25","guid":{"rendered":"https:\/\/sdsdeutschland.de\/?page_id=4422"},"modified":"2024-03-07T12:43:29","modified_gmt":"2024-03-07T11:43:29","slug":"synergie","status":"publish","type":"page","link":"https:\/\/sdsdeutschland.de\/en\/synergie\/","title":{"rendered":"SYNERGIES"},"content":{"rendered":"<p><div class=\"fusion-fullwidth fullwidth-box fusion-builder-row-1 fusion-flex-container has-pattern-background has-mask-background nonhundred-percent-fullwidth non-hundred-percent-height-scrolling\" style=\"--awb-border-radius-top-left:0px;--awb-border-radius-top-right:0px;--awb-border-radius-bottom-right:0px;--awb-border-radius-bottom-left:0px;--awb-margin-bottom:60px;--awb-flex-wrap:wrap;\" ><div class=\"fusion-builder-row fusion-row fusion-flex-align-items-flex-start fusion-flex-content-wrap\" style=\"max-width:1248px;margin-left: calc(-4% \/ 2 );margin-right: calc(-4% \/ 2 );\"><div class=\"fusion-layout-column fusion_builder_column fusion-builder-column-0 fusion_builder_column_1_4 1_4 fusion-flex-column\" style=\"--awb-bg-size:cover;--awb-border-color:var(--awb-color3);--awb-border-top:1px;--awb-border-right:1px;--awb-border-bottom:1px;--awb-border-left:1px;--awb-border-style:solid;--awb-width-large:25%;--awb-margin-top-large:0px;--awb-spacing-right-large:7.68%;--awb-margin-bottom-large:20px;--awb-spacing-left-large:7.68%;--awb-width-medium:25%;--awb-order-medium:0;--awb-spacing-right-medium:7.68%;--awb-spacing-left-medium:7.68%;--awb-width-small:100%;--awb-order-small:0;--awb-spacing-right-small:1.92%;--awb-spacing-left-small:1.92%;\" data-scroll-devices=\"small-visibility,medium-visibility,large-visibility\"><div class=\"fusion-column-wrapper fusion-column-has-shadow fusion-flex-justify-content-flex-start fusion-content-layout-column\"><div class=\"fusion-image-element \" style=\"--awb-caption-title-font-family:var(--h2_typography-font-family);--awb-caption-title-font-weight:var(--h2_typography-font-weight);--awb-caption-title-font-style:var(--h2_typography-font-style);--awb-caption-title-size:var(--h2_typography-font-size);--awb-caption-title-transform:var(--h2_typography-text-transform);--awb-caption-title-line-height:var(--h2_typography-line-height);--awb-caption-title-letter-spacing:var(--h2_typography-letter-spacing);\"><span class=\" fusion-imageframe imageframe-none imageframe-1 hover-type-none\"><img decoding=\"async\" width=\"375\" height=\"500\" title=\"005_Ines_Brecht_Bild\" src=\"https:\/\/sdsdeutschland.de\/wp-content\/uploads\/2022\/02\/005_Ines_Brecht_Bild.jpg\" alt class=\"img-responsive wp-image-4436\" srcset=\"https:\/\/sdsdeutschland.de\/wp-content\/uploads\/2022\/02\/005_Ines_Brecht_Bild-9x12.jpg 9w, https:\/\/sdsdeutschland.de\/wp-content\/uploads\/2022\/02\/005_Ines_Brecht_Bild-225x300.jpg 225w, https:\/\/sdsdeutschland.de\/wp-content\/uploads\/2022\/02\/005_Ines_Brecht_Bild.jpg 375w\" sizes=\"(max-width: 375px) 100vw, 375px\" \/><\/span><\/div><div class=\"fusion-separator fusion-full-width-sep\" style=\"align-self: center;margin-left: auto;margin-right: auto;margin-bottom:10px;width:100%;\"><\/div><div class=\"fusion-text fusion-text-1\" style=\"--awb-content-alignment:center;--awb-font-size:18px;--awb-text-font-family:Arial, Helvetica, sans-serif;--awb-text-font-style:normal;--awb-text-font-weight:400;\"><p><strong>PD Dr. med. Ines Brecht <\/strong><\/p>\n<\/div><div class=\"fusion-text fusion-text-2\" style=\"--awb-content-alignment:center;--awb-font-size:14px;--awb-text-color:var(--awb-color4);--awb-text-font-family:Arial, Helvetica, sans-serif;--awb-text-font-style:normal;--awb-text-font-weight:400;\"><p><strong>Leitung des ZSPT<\/strong><br \/>\n<strong>P\u00e4d. H\u00e4matologie und Onkologie<\/strong><br \/>\n<strong>Universit\u00e4tsklinik f\u00fcr Kinder- und Jugendmedizin<\/strong><\/p>\n<\/div><\/div><\/div><div class=\"fusion-layout-column fusion_builder_column fusion-builder-column-1 fusion_builder_column_3_4 3_4 fusion-flex-column\" style=\"--awb-bg-size:cover;--awb-width-large:75%;--awb-margin-top-large:0px;--awb-spacing-right-large:2.56%;--awb-margin-bottom-large:20px;--awb-spacing-left-large:2.56%;--awb-width-medium:75%;--awb-order-medium:0;--awb-spacing-right-medium:2.56%;--awb-spacing-left-medium:2.56%;--awb-width-small:100%;--awb-order-small:0;--awb-spacing-right-small:1.92%;--awb-spacing-left-small:1.92%;\"><div class=\"fusion-column-wrapper fusion-column-has-shadow fusion-flex-justify-content-flex-start fusion-content-layout-column\"><div class=\"fusion-title title fusion-title-1 fusion-sep-none fusion-title-text fusion-title-size-two\" style=\"--awb-margin-top-small:10px;--awb-margin-right-small:0px;--awb-margin-bottom-small:10px;--awb-margin-left-small:0px;\"><h2 class=\"fusion-title-heading title-heading-left\" style=\"margin:0;\"><p>UNSERE UNTERST\u00dcTZUNG UND ANSPRECHPARTNERIN AUS DEM<br \/>\nZENTRUM F\u00dcR SELTENE ERKRANKUNGEN UNIKLINIKUM T\u00dcBINGEN<\/p><\/h2><\/div><div class=\"fusion-text fusion-text-3\"><div class=\"wpb_text_column wpb_content_element vc_custom_1649105198773\">\n<div class=\"wpb_wrapper\">\n<ul>\n<li class=\"p1\">Ober\u00e4rztin \u2013 P\u00e4diatrische Onkologie und H\u00e4matologie<\/li>\n<li class=\"p1\">Stellvertr. Leiterin der h\u00e4matologisch-onkologischen Ambulanz<\/li>\n<li class=\"p1\">Registerleitung STEP \u2013 Seltene Tumorerkrankungen in der P\u00e4diatrie<\/li>\n<li class=\"p1\">Sprechstunde f\u00fcr erbliche onkologische und h\u00e4matologische Erkrankungen im Kindesalter<\/li>\n<li class=\"p1\">Leiterin des Zentrums f\u00fcr seltene P\u00e4diatrische Tumoren (ZSPT) T\u00fcbingen<\/li>\n<\/ul>\n<p>Lebenslauf<\/p>\n<p><a href=\"mailto:ines.brecht@med.uni-tuebingen.de\">ines.brecht@med.uni-tuebingen.de<\/a><br \/>\n07071-29-83773<\/p>\n<\/div>\n<\/div>\n<\/div><\/div><\/div><\/div><\/div><div class=\"fusion-fullwidth fullwidth-box fusion-builder-row-2 fusion-flex-container has-pattern-background has-mask-background nonhundred-percent-fullwidth non-hundred-percent-height-scrolling\" style=\"--awb-border-radius-top-left:0px;--awb-border-radius-top-right:0px;--awb-border-radius-bottom-right:0px;--awb-border-radius-bottom-left:0px;--awb-margin-bottom:60px;--awb-flex-wrap:wrap;\" ><div class=\"fusion-builder-row fusion-row fusion-flex-align-items-flex-start fusion-flex-content-wrap\" style=\"max-width:1248px;margin-left: calc(-4% \/ 2 );margin-right: calc(-4% \/ 2 );\"><div class=\"fusion-layout-column fusion_builder_column fusion-builder-column-2 fusion_builder_column_1_4 1_4 fusion-flex-column\" style=\"--awb-bg-size:cover;--awb-border-color:var(--awb-color3);--awb-border-top:1px;--awb-border-right:1px;--awb-border-bottom:1px;--awb-border-left:1px;--awb-border-style:solid;--awb-width-large:25%;--awb-margin-top-large:0px;--awb-spacing-right-large:7.68%;--awb-margin-bottom-large:20px;--awb-spacing-left-large:7.68%;--awb-width-medium:25%;--awb-order-medium:0;--awb-spacing-right-medium:7.68%;--awb-spacing-left-medium:7.68%;--awb-width-small:100%;--awb-order-small:0;--awb-spacing-right-small:1.92%;--awb-spacing-left-small:1.92%;\" data-scroll-devices=\"small-visibility,medium-visibility,large-visibility\"><div class=\"fusion-column-wrapper fusion-column-has-shadow fusion-flex-justify-content-flex-start fusion-content-layout-column\"><div class=\"fusion-image-element \" style=\"--awb-caption-title-font-family:var(--h2_typography-font-family);--awb-caption-title-font-weight:var(--h2_typography-font-weight);--awb-caption-title-font-style:var(--h2_typography-font-style);--awb-caption-title-size:var(--h2_typography-font-size);--awb-caption-title-transform:var(--h2_typography-text-transform);--awb-caption-title-line-height:var(--h2_typography-line-height);--awb-caption-title-letter-spacing:var(--h2_typography-letter-spacing);\"><span class=\" fusion-imageframe imageframe-none imageframe-2 hover-type-none\"><img decoding=\"async\" width=\"683\" height=\"1024\" title=\"Dorothee Mundle_3349\" src=\"https:\/\/sdsdeutschland.de\/wp-content\/uploads\/2022\/03\/Dorothee-Mundle_3349-683x1024.jpg\" alt class=\"img-responsive wp-image-4595\" srcset=\"https:\/\/sdsdeutschland.de\/wp-content\/uploads\/2022\/03\/Dorothee-Mundle_3349-200x300.jpg 200w, https:\/\/sdsdeutschland.de\/wp-content\/uploads\/2022\/03\/Dorothee-Mundle_3349.jpg 1417w\" sizes=\"(max-width: 640px) 100vw, 683px\" \/><\/span><\/div><div class=\"fusion-separator fusion-full-width-sep\" style=\"align-self: center;margin-left: auto;margin-right: auto;margin-bottom:10px;width:100%;\"><\/div><div class=\"fusion-text fusion-text-4\" style=\"--awb-content-alignment:center;--awb-font-size:18px;--awb-text-font-family:Arial, Helvetica, sans-serif;--awb-text-font-style:normal;--awb-text-font-weight:400;\"><p><strong>Dipl. P\u00e4dagogin Dorothee R. Mundle<\/strong><\/p>\n<\/div><div class=\"fusion-text fusion-text-5\" style=\"--awb-content-alignment:center;--awb-font-size:14px;--awb-text-color:var(--awb-color4);--awb-text-font-family:Arial, Helvetica, sans-serif;--awb-text-font-style:normal;--awb-text-font-weight:400;\"><p><b>Systemische Beraterin<br \/>\nP\u00e4diatrische Psychoonokolgin<br \/>\nPaarberatung<br \/>\nTrauerbegleitung<\/b><\/p>\n<\/div><\/div><\/div><div class=\"fusion-layout-column fusion_builder_column fusion-builder-column-3 fusion_builder_column_3_4 3_4 fusion-flex-column\" style=\"--awb-bg-size:cover;--awb-width-large:75%;--awb-margin-top-large:0px;--awb-spacing-right-large:2.56%;--awb-margin-bottom-large:20px;--awb-spacing-left-large:2.56%;--awb-width-medium:75%;--awb-order-medium:0;--awb-spacing-right-medium:2.56%;--awb-spacing-left-medium:2.56%;--awb-width-small:100%;--awb-order-small:0;--awb-spacing-right-small:1.92%;--awb-spacing-left-small:1.92%;\"><div class=\"fusion-column-wrapper fusion-column-has-shadow fusion-flex-justify-content-flex-start fusion-content-layout-column\"><div class=\"fusion-title title fusion-title-2 fusion-sep-none fusion-title-text fusion-title-size-two\" style=\"--awb-margin-top-small:10px;--awb-margin-right-small:0px;--awb-margin-bottom-small:10px;--awb-margin-left-small:0px;\"><h2 class=\"fusion-title-heading title-heading-left\" style=\"margin:0;\"><p>UNSERE UNTERST\u00dcTZUNG UND ANSPRECHPARTNERIN<\/p>\n<p>PSYCHOSOZIALE BERATUNGSSTELLE<\/p><\/h2><\/div><div class=\"fusion-text fusion-text-6\"><div class=\"wpb_text_column wpb_content_element vc_custom_1648154780936\">\n<div class=\"wpb_wrapper\">\n<p class=\"p1\">Dorothee Mundle ist mit ihrer Erfahrung fu\u0308r uns, eine weitere S\u00e4ule des Vereins.<\/p>\n<\/div>\n<\/div>\n<div class=\"wpb_text_column wpb_content_element vc_custom_1648498988998\">\n<div class=\"wpb_wrapper\">\n<ul>\n<li class=\"p1\">\u00dcber 30-j\u00e4hrige Arbeit im psychoonkologische Team der Kinderklinik Tu\u0308bingen<\/li>\n<li class=\"p1\">Mitarbeit bei der Entwicklung von S3-Leitlinien fu\u0308r psychosoziale Arbeit im Bundesverband PSAPOH (Psychosoziale Arbeitsgruppe P\u00e4diatrische Onkologie und H\u00e4matologie)<\/li>\n<li class=\"p1\">Vorstandst\u00e4tigkeit im F\u00f6rderverein fu\u0308r krebskranke Kinder Tu\u0308bingen e. V.<\/li>\n<li class=\"p1\">Mitarbeit bei der Entwicklung verschiedener Nachsorgeangebote fu\u0308r Trauernde, Familien und Geschwister<\/li>\n<\/ul>\n<p>Kontakt: <a href=\"mailto:drmundle@gmx.de\">drmundle@gmx.de<\/a><\/p>\n<\/div>\n<\/div>\n<\/div><\/div><\/div><\/div><\/div><div class=\"fusion-fullwidth fullwidth-box fusion-builder-row-3 fusion-flex-container has-pattern-background has-mask-background nonhundred-percent-fullwidth non-hundred-percent-height-scrolling\" style=\"--awb-border-radius-top-left:0px;--awb-border-radius-top-right:0px;--awb-border-radius-bottom-right:0px;--awb-border-radius-bottom-left:0px;--awb-margin-bottom:60px;--awb-flex-wrap:wrap;\" ><div class=\"fusion-builder-row fusion-row fusion-flex-align-items-flex-start fusion-flex-content-wrap\" style=\"max-width:1248px;margin-left: calc(-4% \/ 2 );margin-right: calc(-4% \/ 2 );\"><div class=\"fusion-layout-column fusion_builder_column fusion-builder-column-4 fusion_builder_column_1_1 1_1 fusion-flex-column\" style=\"--awb-bg-size:cover;--awb-width-large:100%;--awb-margin-top-large:0px;--awb-spacing-right-large:1.92%;--awb-margin-bottom-large:20px;--awb-spacing-left-large:1.92%;--awb-width-medium:100%;--awb-order-medium:0;--awb-spacing-right-medium:1.92%;--awb-spacing-left-medium:1.92%;--awb-width-small:100%;--awb-order-small:0;--awb-spacing-right-small:1.92%;--awb-spacing-left-small:1.92%;\"><div class=\"fusion-column-wrapper fusion-column-has-shadow fusion-flex-justify-content-flex-start fusion-content-layout-column\"><div class=\"fusion-title title fusion-title-3 fusion-sep-none fusion-title-text fusion-title-size-one\" style=\"--awb-margin-top-small:10px;--awb-margin-right-small:0px;--awb-margin-bottom-small:10px;--awb-margin-left-small:0px;\"><h1 class=\"fusion-title-heading title-heading-left\" style=\"margin:0;\">UNSERE KOOPERATIONEN<\/h1><\/div><div class=\"awb-gallery-wrapper awb-gallery-wrapper-1 button-span-no\" style=\"--more-btn-alignment:center;\"><div style=\"margin:-5px;--awb-bordersize:0px;\" class=\"fusion-gallery fusion-gallery-container fusion-grid-4 fusion-columns-total-10 fusion-gallery-layout-grid fusion-gallery-1\"><div style=\"padding:5px;\" class=\"fusion-grid-column fusion-gallery-column fusion-gallery-column-4 hover-type-zoomin\"><div class=\"fusion-gallery-image\"><a href=\"https:\/\/www.medizin.uni-tuebingen.de\/en-de\/das-klinikum\/einrichtungen\/kliniken\/kinderklinik\/kinderheilkunde-i\/krebserkrankungen\/haematologisch-onkologische-ambulanz\/neutropenie\" rel=\"noreferrer\" data-rel=\"iLightbox[gallery_image_1]\" class=\"fusion-lightbox\" target=\"_blank\"><img decoding=\"async\" src=\"https:\/\/sdsdeutschland.de\/wp-content\/uploads\/2022\/02\/001_ZSE_Tuebingen.jpg\" width=\"202\" height=\"202\" alt=\"\" title=\"001_ZSE_Tuebingen\" aria-label=\"001_ZSE_Tuebingen\" class=\"img-responsive wp-image-4437 fusion-gallery-image-size-fixed\" srcset=\"https:\/\/sdsdeutschland.de\/wp-content\/uploads\/2022\/02\/001_ZSE_Tuebingen-12x12.jpg 12w, https:\/\/sdsdeutschland.de\/wp-content\/uploads\/2022\/02\/001_ZSE_Tuebingen-150x150.jpg 150w, https:\/\/sdsdeutschland.de\/wp-content\/uploads\/2022\/02\/001_ZSE_Tuebingen-300x300.jpg 300w, https:\/\/sdsdeutschland.de\/wp-content\/uploads\/2022\/02\/001_ZSE_Tuebingen.jpg 500w\" sizes=\"(max-width: 202px) 100vw, 202px\" \/><\/a><\/div><\/div><div style=\"padding:5px;\" class=\"fusion-grid-column fusion-gallery-column fusion-gallery-column-4 hover-type-zoomin\"><div class=\"fusion-gallery-image\"><a href=\"https:\/\/www.uniklinik-freiburg.de\/fzse.html\" rel=\"noreferrer\" data-rel=\"iLightbox[gallery_image_1]\" class=\"fusion-lightbox\" target=\"_blank\"><img decoding=\"async\" src=\"https:\/\/sdsdeutschland.de\/wp-content\/uploads\/2022\/02\/002_ZSE_Freiburg.jpg\" width=\"202\" height=\"202\" alt=\"\" title=\"002_ZSE_Freiburg\" aria-label=\"002_ZSE_Freiburg\" class=\"img-responsive wp-image-4438 fusion-gallery-image-size-fixed\" srcset=\"https:\/\/sdsdeutschland.de\/wp-content\/uploads\/2022\/02\/002_ZSE_Freiburg-12x12.jpg 12w, https:\/\/sdsdeutschland.de\/wp-content\/uploads\/2022\/02\/002_ZSE_Freiburg-150x150.jpg 150w, https:\/\/sdsdeutschland.de\/wp-content\/uploads\/2022\/02\/002_ZSE_Freiburg-300x300.jpg 300w, https:\/\/sdsdeutschland.de\/wp-content\/uploads\/2022\/02\/002_ZSE_Freiburg.jpg 500w\" sizes=\"(max-width: 202px) 100vw, 202px\" \/><\/a><\/div><\/div><div style=\"padding:5px;\" class=\"fusion-grid-column fusion-gallery-column fusion-gallery-column-4 hover-type-zoomin\"><div class=\"fusion-gallery-image\"><a href=\"https:\/\/www.kinderblutkrankheiten.de\/erkrankungen\/blutbildungsstoerungen\/shwachman_diamond_syndrom\" rel=\"noreferrer\" data-rel=\"iLightbox[gallery_image_1]\" class=\"fusion-lightbox\" target=\"_blank\"><img decoding=\"async\" src=\"https:\/\/sdsdeutschland.de\/wp-content\/uploads\/2024\/03\/Kinderblutkrankheiten500x500-320x202.png\" width=\"320\" height=\"202\" alt=\"\" title=\"Kinderblutkrankheiten500x500\" aria-label=\"Kinderblutkrankheiten500x500\" class=\"img-responsive wp-image-5431 fusion-gallery-image-size-fixed\"  \/><\/a><\/div><\/div><div style=\"padding:5px;\" class=\"fusion-grid-column fusion-gallery-column fusion-gallery-column-4 hover-type-zoomin\"><div class=\"fusion-gallery-image\"><a href=\"https:\/\/www.artsupportstuttgart.de\/\" rel=\"noreferrer\" data-rel=\"iLightbox[gallery_image_1]\" class=\"fusion-lightbox\" target=\"_blank\"><img decoding=\"async\" src=\"https:\/\/sdsdeutschland.de\/wp-content\/uploads\/2024\/01\/ART-SUPPORT-LOGO_500x500-1-320x202.jpg\" width=\"320\" height=\"202\" alt=\"\" title=\"ART-SUPPORT-LOGO_500x500\" aria-label=\"ART-SUPPORT-LOGO_500x500\" class=\"img-responsive wp-image-5179 fusion-gallery-image-size-fixed\"  \/><\/a><\/div><\/div><div class=\"clearfix\"><\/div><div style=\"padding:5px;\" class=\"fusion-grid-column fusion-gallery-column fusion-gallery-column-4 hover-type-zoomin\"><div class=\"fusion-gallery-image\"><a href=\"https:\/\/www.dkms.de\/\" rel=\"noreferrer\" data-rel=\"iLightbox[gallery_image_1]\" class=\"fusion-lightbox\" target=\"_blank\"><img decoding=\"async\" src=\"https:\/\/sdsdeutschland.de\/wp-content\/uploads\/2022\/02\/007_DKMS_Logo.jpg\" width=\"202\" height=\"202\" alt=\"\" title=\"007_DKMS_Logo\" aria-label=\"007_DKMS_Logo\" class=\"img-responsive wp-image-4443 fusion-gallery-image-size-fixed\" srcset=\"https:\/\/sdsdeutschland.de\/wp-content\/uploads\/2022\/02\/007_DKMS_Logo-12x12.jpg 12w, https:\/\/sdsdeutschland.de\/wp-content\/uploads\/2022\/02\/007_DKMS_Logo-150x150.jpg 150w, https:\/\/sdsdeutschland.de\/wp-content\/uploads\/2022\/02\/007_DKMS_Logo-300x300.jpg 300w, https:\/\/sdsdeutschland.de\/wp-content\/uploads\/2022\/02\/007_DKMS_Logo.jpg 500w\" sizes=\"(max-width: 202px) 100vw, 202px\" \/><\/a><\/div><\/div><div style=\"padding:5px;\" class=\"fusion-grid-column fusion-gallery-column fusion-gallery-column-4 hover-type-zoomin\"><div class=\"fusion-gallery-image\"><a href=\"https:\/\/www.mypred.de\/\" rel=\"noreferrer\" data-rel=\"iLightbox[gallery_image_1]\" class=\"fusion-lightbox\" target=\"_blank\"><img decoding=\"async\" src=\"https:\/\/sdsdeutschland.de\/wp-content\/uploads\/2024\/03\/Logo_MyPred_RGB-300x300-1-300x202.png\" width=\"300\" height=\"202\" alt=\"\" title=\"Logo_MyPred_RGB-300&#215;300\" aria-label=\"Logo_MyPred_RGB-300&#215;300\" class=\"img-responsive wp-image-5436 fusion-gallery-image-size-fixed\"  \/><\/a><\/div><\/div><div style=\"padding:5px;\" class=\"fusion-grid-column fusion-gallery-column fusion-gallery-column-4 hover-type-zoomin\"><div class=\"fusion-gallery-image\"><a href=\"https:\/\/verticalelements.wordpress.com\/\" rel=\"noreferrer\" data-rel=\"iLightbox[gallery_image_1]\" class=\"fusion-lightbox\" target=\"_blank\"><img decoding=\"async\" src=\"https:\/\/sdsdeutschland.de\/wp-content\/uploads\/2022\/02\/004_vertical_Elements.jpg\" width=\"202\" height=\"202\" alt=\"\" title=\"004_vertical_Elements\" aria-label=\"004_vertical_Elements\" class=\"img-responsive wp-image-4440 fusion-gallery-image-size-fixed\" srcset=\"https:\/\/sdsdeutschland.de\/wp-content\/uploads\/2022\/02\/004_vertical_Elements-12x12.jpg 12w, https:\/\/sdsdeutschland.de\/wp-content\/uploads\/2022\/02\/004_vertical_Elements-150x150.jpg 150w, https:\/\/sdsdeutschland.de\/wp-content\/uploads\/2022\/02\/004_vertical_Elements-300x300.jpg 300w, https:\/\/sdsdeutschland.de\/wp-content\/uploads\/2022\/02\/004_vertical_Elements.jpg 500w\" sizes=\"(max-width: 202px) 100vw, 202px\" \/><\/a><\/div><\/div><div style=\"padding:5px;\" class=\"fusion-grid-column fusion-gallery-column fusion-gallery-column-4 hover-type-zoomin\"><div class=\"fusion-gallery-image\"><a href=\"https:\/\/sdsdeutschland.de\/\" rel=\"noreferrer\" data-rel=\"iLightbox[gallery_image_1]\" class=\"fusion-lightbox\" target=\"_blank\"><img decoding=\"async\" src=\"https:\/\/sdsdeutschland.de\/wp-content\/uploads\/2022\/02\/005_Kreps_Design2.jpg\" width=\"202\" height=\"202\" alt=\"\" title=\"005_Kreps_Design2\" aria-label=\"005_Kreps_Design2\" class=\"img-responsive wp-image-4486 fusion-gallery-image-size-fixed\" srcset=\"https:\/\/sdsdeutschland.de\/wp-content\/uploads\/2022\/02\/005_Kreps_Design2-12x12.jpg 12w, https:\/\/sdsdeutschland.de\/wp-content\/uploads\/2022\/02\/005_Kreps_Design2-150x150.jpg 150w, https:\/\/sdsdeutschland.de\/wp-content\/uploads\/2022\/02\/005_Kreps_Design2-300x300.jpg 300w, https:\/\/sdsdeutschland.de\/wp-content\/uploads\/2022\/02\/005_Kreps_Design2.jpg 500w\" sizes=\"(max-width: 202px) 100vw, 202px\" \/><\/a><\/div><\/div><div class=\"clearfix\"><\/div><div style=\"padding:5px;\" class=\"fusion-grid-column fusion-gallery-column fusion-gallery-column-4 hover-type-zoomin\"><div class=\"fusion-gallery-image\"><a href=\"https:\/\/www.instagram.com\/sweet.dutch?igsh=aHlhZWR6eGM4NjZx\" rel=\"noreferrer\" data-rel=\"iLightbox[gallery_image_1]\" class=\"fusion-lightbox\" target=\"_blank\"><img decoding=\"async\" src=\"https:\/\/sdsdeutschland.de\/wp-content\/uploads\/2024\/03\/sweetDutch_500x500-320x202.png\" width=\"320\" height=\"202\" alt=\"\" title=\"sweetDutch_500x500\" aria-label=\"sweetDutch_500x500\" class=\"img-responsive wp-image-5434 fusion-gallery-image-size-fixed\"  \/><\/a><\/div><\/div><div style=\"padding:5px;\" class=\"fusion-grid-column fusion-gallery-column fusion-gallery-column-4 hover-type-zoomin\"><div class=\"fusion-gallery-image\"><a href=\"https:\/\/f3publishing.de\/\" rel=\"noreferrer\" data-rel=\"iLightbox[gallery_image_1]\" class=\"fusion-lightbox\" target=\"_blank\"><img decoding=\"async\" src=\"https:\/\/sdsdeutschland.de\/wp-content\/uploads\/2022\/02\/008_f3publishing.jpg\" width=\"202\" height=\"202\" alt=\"\" title=\"008_f3publishing\" aria-label=\"008_f3publishing\" class=\"img-responsive wp-image-4444 fusion-gallery-image-size-fixed\" srcset=\"https:\/\/sdsdeutschland.de\/wp-content\/uploads\/2022\/02\/008_f3publishing-12x12.jpg 12w, https:\/\/sdsdeutschland.de\/wp-content\/uploads\/2022\/02\/008_f3publishing-150x150.jpg 150w, https:\/\/sdsdeutschland.de\/wp-content\/uploads\/2022\/02\/008_f3publishing-300x300.jpg 300w, https:\/\/sdsdeutschland.de\/wp-content\/uploads\/2022\/02\/008_f3publishing.jpg 500w\" sizes=\"(max-width: 202px) 100vw, 202px\" \/><\/a><\/div><\/div><\/div><\/div><\/div><\/div><\/div><\/div><\/p>\n","protected":false},"excerpt":{"rendered":"","protected":false},"author":2,"featured_media":0,"parent":0,"menu_order":0,"comment_status":"closed","ping_status":"closed","template":"","meta":{"inline_featured_image":false,"footnotes":""},"class_list":["post-4422","page","type-page","status-publish","hentry"],"_links":{"self":[{"href":"https:\/\/sdsdeutschland.de\/en\/wp-json\/wp\/v2\/pages\/4422","targetHints":{"allow":["GET"]}}],"collection":[{"href":"https:\/\/sdsdeutschland.de\/en\/wp-json\/wp\/v2\/pages"}],"about":[{"href":"https:\/\/sdsdeutschland.de\/en\/wp-json\/wp\/v2\/types\/page"}],"author":[{"embeddable":true,"href":"https:\/\/sdsdeutschland.de\/en\/wp-json\/wp\/v2\/users\/2"}],"replies":[{"embeddable":true,"href":"https:\/\/sdsdeutschland.de\/en\/wp-json\/wp\/v2\/comments?post=4422"}],"version-history":[{"count":10,"href":"https:\/\/sdsdeutschland.de\/en\/wp-json\/wp\/v2\/pages\/4422\/revisions"}],"predecessor-version":[{"id":5437,"href":"https:\/\/sdsdeutschland.de\/en\/wp-json\/wp\/v2\/pages\/4422\/revisions\/5437"}],"wp:attachment":[{"href":"https:\/\/sdsdeutschland.de\/en\/wp-json\/wp\/v2\/media?parent=4422"}],"curies":[{"name":"wp","href":"https:\/\/api.w.org\/{rel}","templated":true}]}}