{"id":4325,"date":"2021-10-30T16:33:29","date_gmt":"2021-10-30T16:33:29","guid":{"rendered":"https:\/\/sdsdeutschland.de\/?page_id=4325"},"modified":"2025-11-17T10:06:46","modified_gmt":"2025-11-17T09:06:46","slug":"impressum","status":"publish","type":"page","link":"https:\/\/sdsdeutschland.de\/en\/impressum\/","title":{"rendered":"Privacy"},"content":{"rendered":"<div class=\"fusion-fullwidth fullwidth-box fusion-builder-row-1 fusion-flex-container nonhundred-percent-fullwidth non-hundred-percent-height-scrolling\" style=\"--awb-border-radius-top-left:0px;--awb-border-radius-top-right:0px;--awb-border-radius-bottom-right:0px;--awb-border-radius-bottom-left:0px;--awb-flex-wrap:wrap;\" ><div class=\"fusion-builder-row fusion-row fusion-flex-align-items-flex-start fusion-flex-content-wrap\" style=\"max-width:1248px;margin-left: calc(-4% \/ 2 );margin-right: calc(-4% \/ 2 );\"><div class=\"fusion-layout-column fusion_builder_column fusion-builder-column-0 fusion_builder_column_1_1 1_1 fusion-flex-column\" style=\"--awb-bg-size:cover;--awb-width-large:100%;--awb-margin-top-large:0px;--awb-spacing-right-large:1.92%;--awb-margin-bottom-large:0px;--awb-spacing-left-large:1.92%;--awb-width-medium:100%;--awb-spacing-right-medium:1.92%;--awb-spacing-left-medium:1.92%;--awb-width-small:100%;--awb-spacing-right-small:1.92%;--awb-spacing-left-small:1.92%;\"><div class=\"fusion-column-wrapper fusion-flex-justify-content-flex-start fusion-content-layout-column\"><div class=\"fusion-text fusion-text-1\"><h1 data-fontsize=\"32\" style=\"--fontSize: 32; line-height: 1.25;\" data-lineheight=\"40px\" class=\"fusion-responsive-typography-calculated\">Privacy<\/h1>\n<h2 data-fontsize=\"24\" style=\"--fontSize: 24; line-height: 1.25;\" data-lineheight=\"30px\" class=\"fusion-responsive-typography-calculated\">Angaben gem\u00e4\u00df \u00a7 5 TMG<\/h2>\n<p>SDS Deutschland e.V. Shwachman Diamond Syndrom<br \/>\nBussardweg 21<br \/>\n72631 Aichtal<\/p>\n<p>Vereinsregister: VR 724534<br \/>\nRegistergericht: Amtsgericht Stuttgart<\/p>\n<p><strong>Vertreten durch:<\/strong><br \/>\nHelena Bl\u00f6cker, Sascha Cordas<\/p>\n<h2 data-fontsize=\"24\" style=\"--fontSize: 24; line-height: 1.25;\" data-lineheight=\"30px\" class=\"fusion-responsive-typography-calculated\">Contact<\/h2>\n<p>Telefon: 01719117158<br \/>\nE-Mail: info@sdsdeutschland.de<\/p>\n<h2 data-fontsize=\"24\" style=\"--fontSize: 24; line-height: 1.25;\" data-lineheight=\"30px\" class=\"fusion-responsive-typography-calculated\">Redaktionell verantwortlich<\/h2>\n<p>Helena Bl\u00f6cker<\/p>\n<p><strong>Original Webdesign und Konzept :<\/strong> Rune M<b>\u00f8<\/b>ller<\/p>\n<p><strong>Logo &amp; Product Identety Design:<\/strong> <a href=\"http:\/\/kreps-grafik.de\/\">Katharina Kreps Kreativedesign<\/a><\/p>\n<p><strong>Technischer Dienstleister:<\/strong> <a class=\"\" href=\"https:\/\/f3publishing.de\" target=\"_blank\" rel=\"noopener\">f3publishing GmbH<\/a><\/p>\n<p><strong>Vorstand:<\/strong> Helena Bl\u00f6cker<\/p>\n<p><strong>Gesch\u00e4ftsadresse:<\/strong> SDS Deutschland e.V. Shwachman Diamond Syndrom Deutschland, Bussardweg 21, 72631 Aichtal<\/p>\n<p><strong>Postadresse:<\/strong> SDS Deutschland e.V. Shwachman Diamond Syndrom Deutschland, Bussardweg 21, 72631 Aichtal<\/p>\n<p>Der Verein ist bundesweit aktiv<\/p>\n<p><strong>Finanzamt<\/strong> N\u00fcrtingen | <strong>Steuernummer<\/strong> 74091 \/ 17057<\/p>\n<p>Sitz des Vereins ist T\u00fcbingen<\/p>\n<p><strong>Registergericht<\/strong> Amtsgericht Stuttgart | VR 724534<\/p>\n<p><strong>Webdesign &amp; Programming:<\/strong> <a href=\"https:\/\/www.runemoller.com\/\">Rune Moller WebDesign<\/a><\/p>\n<p><strong>Logo &amp; Product Identety Design:<\/strong> <a href=\"http:\/\/kreps-grafik.de\/\">Katharina Kreps Kreativedesign<\/a><\/p>\n<h3 data-fontsize=\"24\" style=\"--fontSize: 24; line-height: 1.25;\" data-lineheight=\"30px\" class=\"fusion-responsive-typography-calculated\">Haftungsbeschr\u00e4nkung f\u00fcr eigene Inhalte<\/h3>\n<p>Die Inhalte unserer Webseiten wurden sorgf\u00e4ltig und nach bestem Gewissen erstellt. Gleichwohl kann f\u00fcr die Aktualit\u00e4t, Vollst\u00e4ndigkeit und Richtigkeit s\u00e4mtlicher Seiten keine Gew\u00e4hr \u00fcbernommen werden. Gem\u00e4\u00df \u00a7 7 Abs. 1 TMG sind wir als Diensteanbieter f\u00fcr eigene Inhalte auf diesen Seiten nach den allgemeinen Gesetzen verantwortlich. Wir sind als Diensteanbieter nach den \u00a7\u00a7 8 bis 10 TMG jedoch nicht verpflichtet, \u00fcbermittelte oder gespeicherte fremde Informationen zu \u00fcberwachen. Ab dem Zeitpunkt der Kenntnis einer konkreten Rechtsverletzung erfolgt eine umgehende Entfernung dieser Inhalte durch uns. Eine diesbez\u00fcgliche Haftung kann erst ab dem Zeitpunkt der Kenntniserlangung \u00fcbernommen werden.<\/p>\n<h3 data-fontsize=\"24\" style=\"--fontSize: 24; line-height: 1.25;\" data-lineheight=\"30px\" class=\"fusion-responsive-typography-calculated\">Haftungsbeschr\u00e4nkung f\u00fcr externe Links<\/h3>\n<p>Unsere Webseite enth\u00e4lt Verkn\u00fcpfungen zu Webseiten Dritter (sog. \u201eexterne Links\u201c). Da wir auf deren Inhalte keinen Einfluss haben, kann f\u00fcr die fremden Inhalte keine Gew\u00e4hr \u00fcbernommen werden. F\u00fcr die Inhalte und Richtigkeit der Informationen ist stets der jeweilige Informationsanbieter der verlinkten Webseite verantwortlich. Zum Zeitpunkt der Verlinkung waren keine Rechtsverst\u00f6\u00dfe erkennbar. Sobald uns eine Rechtsverletzung bekannt wird, werden wir den jeweiligen Link umgehend entfernen.<\/p>\n<h3 data-fontsize=\"24\" style=\"--fontSize: 24; line-height: 1.25;\" data-lineheight=\"30px\" class=\"fusion-responsive-typography-calculated\">Urheberrecht<\/h3>\n<p>Die auf dieser Webseite ver\u00f6ffentlichten Inhalte und Werke unterliegen dem deutschen Urheberrecht. Jede Vervielf\u00e4ltigung, Bearbeitung, Verbreitung und jede Art der Verwertung au\u00dferhalb der Grenzen des Urheberrechts bed\u00fcrfen der vorherigen schriftlichen Zustimmung des jeweiligen Urhebers bzw. Autors.<\/p>\n<h3 data-fontsize=\"24\" style=\"--fontSize: 24; line-height: 1.25;\" data-lineheight=\"30px\" class=\"fusion-responsive-typography-calculated\">Datenschutz<\/h3>\n<p>Durch den Besuch unserer Webseite k\u00f6nnen Informationen \u00fcber den Zugriff (Datum, Uhrzeit, aufgerufene Seite) auf dem Server gespeichert werden. Dies stellt keine Auswertung personenbezogener Daten (z.B. Name, Anschrift oder E-Mail Adresse) dar. Sofern personenbezogene Daten erhoben werden, erfolgt dies \u2013 sofern m\u00f6glich \u2013 nur mit dem vorherigen Einverst\u00e4ndnis des Nutzers der Webseite. Eine Weiterleitung der Daten an Dritte findet ohne ausdr\u00fcckliche Zustimmung des Nutzers nicht statt. Wir weisen ausdr\u00fccklich darauf hin, dass die \u00dcbertragung von Daten im Internet (z.B. per E-Mail) Sicherheitsl\u00fccken aufweisen kann. Ein l\u00fcckenloser Schutz der Daten vor dem Zugriff Dritter ist nicht m\u00f6glich. Wir k\u00f6nnen keine Haftung f\u00fcr die durch solche Sicherheitsl\u00fccken entstehenden Sch\u00e4den \u00fcbernehmen. Der Verwendung aller ver\u00f6ffentlichten Kontaktdaten durch Dritte zum Zwecke von Werbung wird ausdr\u00fccklich widersprochen. Wir behalten uns rechtliche Schritte f\u00fcr den Fall der unverlangten Zusendung von Werbeinformationen, z.B. durch Spam-Mails, vor.Quelle: Disclaimer-Vorlage in Zusammenarbeit mit ROSE &amp; PARTNER LLP<\/p>\n<\/div><\/div><\/div><\/div><\/div>","protected":false},"excerpt":{"rendered":"","protected":false},"author":2,"featured_media":0,"parent":0,"menu_order":0,"comment_status":"closed","ping_status":"closed","template":"100-width.php","meta":{"inline_featured_image":false,"footnotes":""},"class_list":["post-4325","page","type-page","status-publish","hentry"],"_links":{"self":[{"href":"https:\/\/sdsdeutschland.de\/en\/wp-json\/wp\/v2\/pages\/4325","targetHints":{"allow":["GET"]}}],"collection":[{"href":"https:\/\/sdsdeutschland.de\/en\/wp-json\/wp\/v2\/pages"}],"about":[{"href":"https:\/\/sdsdeutschland.de\/en\/wp-json\/wp\/v2\/types\/page"}],"author":[{"embeddable":true,"href":"https:\/\/sdsdeutschland.de\/en\/wp-json\/wp\/v2\/users\/2"}],"replies":[{"embeddable":true,"href":"https:\/\/sdsdeutschland.de\/en\/wp-json\/wp\/v2\/comments?post=4325"}],"version-history":[{"count":10,"href":"https:\/\/sdsdeutschland.de\/en\/wp-json\/wp\/v2\/pages\/4325\/revisions"}],"predecessor-version":[{"id":5758,"href":"https:\/\/sdsdeutschland.de\/en\/wp-json\/wp\/v2\/pages\/4325\/revisions\/5758"}],"wp:attachment":[{"href":"https:\/\/sdsdeutschland.de\/en\/wp-json\/wp\/v2\/media?parent=4325"}],"curies":[{"name":"wp","href":"https:\/\/api.w.org\/{rel}","templated":true}]}}